{"id":2990,"date":"2021-03-24T15:30:28","date_gmt":"2021-03-24T14:30:28","guid":{"rendered":"https:\/\/www.adamelloultratrail.it\/adamello\/comuni\/"},"modified":"2021-03-24T15:30:28","modified_gmt":"2021-03-24T14:30:28","slug":"comuni","status":"publish","type":"page","link":"https:\/\/www.adamelloultratrail.it\/en\/adamello\/comuni\/","title":{"rendered":"Comuni"},"content":{"rendered":"<h1>COMUNI<\/h1>\n<h2>DOVE  LASCIARSI INCANTARE<\/h2>\n<p>\t<a href=\"http:\/\/www.comune.edolo.bs.it\/pages\/home.asp\" target=\"_blank\" rel=\"noopener\"><img decoding=\"async\" src=\"https:\/\/www.adamelloultratrail.it\/wp-content\/uploads\/2021\/05\/Panorama_di_Edolo_Foto_Luca_Giarelli.jpg\" alt=\"Panorama_di_Edolo_(Foto_Luca_Giarelli)\" loading=\"lazy\"><\/a><\/p>\n<h5>Edolo<\/h5>\n<p>Edolo \u00e8 un comune di poco meno di 5 mila abitanti all&#8217;inizio dell&#8217;Alta Val Camonica, alla confluenza della Val di Corteno.<a href=\"http:\/\/www.comune.edolo.bs.it\/pages\/home.asp\" target=\"_blank\" rel=\"noopener\">SCOPRI DI PI\u00d9<\/a><br \/>\n\t<a href=\"http:\/\/www.comune.monno.bs.it\/pages\/home.asp\" target=\"_blank\" rel=\"noopener\"><img decoding=\"async\" src=\"https:\/\/www.adamelloultratrail.it\/wp-content\/uploads\/2021\/05\/Panorama_-_Monno_Foto_Luca_Giarelli.jpg\" alt=\"Panorama_-_Monno_(Foto_Luca_Giarelli)\" loading=\"lazy\"><\/a><\/p>\n<h5>Monno<\/h5>\n<p>Sede di partenza della AST 35 km, Monno sorge lungo la strada che dalla Val Camonica porta verso il Passo del Mortirolo. <a href=\"http:\/\/www.comune.monno.bs.it\/pages\/home.asp\" target=\"_blank\" rel=\"noopener\">SCOPRI DI PI\u00d9<\/a><br \/>\n\t<a href=\"http:\/\/www.comune.incudine.bs.it\/pages\/home.asp\" target=\"_blank\" rel=\"noopener\"><img decoding=\"async\" src=\"https:\/\/www.adamelloultratrail.it\/wp-content\/uploads\/2021\/05\/Panorama_-_Incudine_al_Solivo_Foto_Luca_Giarelli.jpg\" alt=\"Panorama_-_Incudine_al_Solivo_(Foto_Luca_Giarelli)\" loading=\"lazy\"><\/a><\/p>\n<h5>Incudine<\/h5>\n<p>Il Comune di Incudine, nell&#8217;Alta Val Camonica, \u00e8 caratterizzato per essere diviso in due dal fiume Oglio. La parte settentrionale \u00e8 chiamata Incudine al Solivo, quella meridionale, Incudine al Vago.<a href=\"http:\/\/www.comune.incudine.bs.it\/pages\/home.asp\" target=\"_blank\" rel=\"noopener\">SCOPRI DI PI\u00d9<\/a><br \/>\n\t<a href=\"http:\/\/www.comune.vezza-d-oglio.bs.it\/pages\/home.asp\" target=\"_blank\" rel=\"noopener\"><img decoding=\"async\" src=\"https:\/\/www.adamelloultratrail.it\/wp-content\/uploads\/2021\/05\/Panorama_-_Vezza_dOglio_Foto_Luca_Giarelli.jpg\" alt=\"Panorama_-_Vezza_d&#039;Oglio_(Foto_Luca_Giarelli)\" loading=\"lazy\"><\/a><\/p>\n<h5>Vezza d&#8217;Oglio<\/h5>\n<p>Sede di partenza della AUT 170 \u00e8 il Comune di Vezza d&#8217;Oglio, che si sviluppa sulla riva destra del fiume Oglio. <a href=\"http:\/\/www.comune.vezza-d-oglio.bs.it\/pages\/home.asp\" target=\"_blank\" rel=\"noopener\">SCOPRI DI PI\u00d9<\/a><br \/>\n\t<a href=\"http:\/\/www.comune.vione.bs.it\/pages\/home.asp\" target=\"_blank\" rel=\"noopener\"><img decoding=\"async\" src=\"https:\/\/www.adamelloultratrail.it\/wp-content\/uploads\/2021\/05\/vione-val-di-cane.jpg\" alt=\"vione-val-di-cane\" loading=\"lazy\"><\/a><\/p>\n<h5>Vione<\/h5>\n<p>Secondo la storia, il nome di Vione a questa cittadina della Val Camonica fu dato da Carlo Magno nel 1411 dopo aver distrutto l&#8217;imponente fortezza che qui vi sorgeva.<a href=\"http:\/\/www.comune.vione.bs.it\/pages\/home.asp\" target=\"_blank\" rel=\"noopener\">SCOPRI DI PI\u00d9<\/a><br \/>\n\t<a href=\"http:\/\/www.comune.temu.bs.it\/pages\/home.asp\" target=\"_blank\" rel=\"noopener\"><img decoding=\"async\" src=\"https:\/\/www.adamelloultratrail.it\/wp-content\/uploads\/2021\/05\/Panorama_-_Temu_Foto_Luca_Giarelli.jpg\" alt=\"Panorama_-_Tem\u00f9_(Foto_Luca_Giarelli)\" loading=\"lazy\"><\/a><\/p>\n<h5>Temu<\/h5>\n<p>Il Comune di Temu \u00e8 la penultima municipalit\u00e0 dell&#8217;Alta Val Camonica con un popolazione di poco pi\u00f9 di 1000 abitanti.<a href=\"http:\/\/www.comune.temu.bs.it\/pages\/home.asp\" target=\"_blank\" rel=\"noopener\">SCOPRI DI PI\u00d9<\/a><br \/>\n\t<a href=\"http:\/\/www.comune.ponte-di-legno.bs.it\/pages\/home.asp\" target=\"_blank\" rel=\"noopener\"><img decoding=\"async\" src=\"https:\/\/www.adamelloultratrail.it\/wp-content\/uploads\/2021\/05\/Ponte_di_legno-1-scaled.jpg\" alt=\"Ponte_di_legno\" loading=\"lazy\"><\/a><\/p>\n<h5>Ponte di Legno<\/h5>\n<p>Situato all&#8217;estremit\u00e0 settentrionale della Val Camonica, Ponte di Legno \u00e8 il centro pi\u00f9 rinomato dell&#8217;area. Nota localit\u00e0 turistica ai piedi del Passo Tonale.<a href=\"http:\/\/www.comune.ponte-di-legno.bs.it\/pages\/home.asp\" target=\"_blank\" rel=\"noopener\">SCOPRI DI PI\u00d9<\/a><\/p>\n<h2>LE ULTIME NOTIZIE<\/h2>\n","protected":false},"excerpt":{"rendered":"<p>COMUNI DOVE LASCIARSI INCANTARE Edolo Edolo \u00e8 un comune di poco meno di 5 mila abitanti all&#8217;inizio dell&#8217;Alta Val Camonica, alla confluenza della Val di Corteno.SCOPRI DI PI\u00d9 Monno Sede di partenza della AST 35 km, Monno sorge lungo la strada che dalla Val Camonica porta verso il Passo del Mortirolo. SCOPRI DI PI\u00d9 Incudine [&hellip;]<\/p>\n","protected":false},"author":1,"featured_media":0,"parent":2929,"menu_order":0,"comment_status":"closed","ping_status":"closed","template":"elementor_header_footer","meta":{"om_disable_all_campaigns":false,"_monsterinsights_skip_tracking":false,"_monsterinsights_sitenote_active":false,"_monsterinsights_sitenote_note":"","_monsterinsights_sitenote_category":0,"_uf_show_specific_survey":0,"_uf_disable_surveys":false,"footnotes":""},"class_list":["post-2990","page","type-page","status-publish","hentry"],"aioseo_notices":[],"_links":{"self":[{"href":"https:\/\/www.adamelloultratrail.it\/en\/wp-json\/wp\/v2\/pages\/2990","targetHints":{"allow":["GET"]}}],"collection":[{"href":"https:\/\/www.adamelloultratrail.it\/en\/wp-json\/wp\/v2\/pages"}],"about":[{"href":"https:\/\/www.adamelloultratrail.it\/en\/wp-json\/wp\/v2\/types\/page"}],"author":[{"embeddable":true,"href":"https:\/\/www.adamelloultratrail.it\/en\/wp-json\/wp\/v2\/users\/1"}],"replies":[{"embeddable":true,"href":"https:\/\/www.adamelloultratrail.it\/en\/wp-json\/wp\/v2\/comments?post=2990"}],"version-history":[{"count":0,"href":"https:\/\/www.adamelloultratrail.it\/en\/wp-json\/wp\/v2\/pages\/2990\/revisions"}],"up":[{"embeddable":true,"href":"https:\/\/www.adamelloultratrail.it\/en\/wp-json\/wp\/v2\/pages\/2929"}],"wp:attachment":[{"href":"https:\/\/www.adamelloultratrail.it\/en\/wp-json\/wp\/v2\/media?parent=2990"}],"curies":[{"name":"wp","href":"https:\/\/api.w.org\/{rel}","templated":true}]}}